{"id":6,"date":"2021-02-22T13:38:16","date_gmt":"2021-02-22T16:38:16","guid":{"rendered":"http:\/\/marianavenite.com.br\/?page_id=6"},"modified":"2021-05-25T09:24:15","modified_gmt":"2021-05-25T12:24:15","slug":"pagina-inicial","status":"publish","type":"page","link":"https:\/\/marianavenite.com.br\/","title":{"rendered":"P\u00e1gina inicial"},"content":{"rendered":"\n<div class=\"wp-block-cover alignfull\" style=\"min-height:700px;aspect-ratio:unset;\"><img loading=\"lazy\" decoding=\"async\" width=\"1900\" height=\"1267\" class=\"wp-block-cover__image-background wp-image-110\" alt=\"\" src=\"https:\/\/marianavenite.com.br\/wp-content\/uploads\/2021\/05\/mariana-capa.jpg\" style=\"object-position:61% 62%\" data-object-fit=\"cover\" data-object-position=\"61% 62%\" srcset=\"https:\/\/marianavenite.com.br\/wp-content\/uploads\/2021\/05\/mariana-capa.jpg 1900w, https:\/\/marianavenite.com.br\/wp-content\/uploads\/2021\/05\/mariana-capa-300x200.jpg 300w, https:\/\/marianavenite.com.br\/wp-content\/uploads\/2021\/05\/mariana-capa-1024x683.jpg 1024w, https:\/\/marianavenite.com.br\/wp-content\/uploads\/2021\/05\/mariana-capa-768x512.jpg 768w, https:\/\/marianavenite.com.br\/wp-content\/uploads\/2021\/05\/mariana-capa-1536x1024.jpg 1536w, https:\/\/marianavenite.com.br\/wp-content\/uploads\/2021\/05\/mariana-capa-930x620.jpg 930w\" sizes=\"auto, (max-width: 1900px) 100vw, 1900px\" \/><div class=\"wp-block-cover__inner-container is-layout-flow wp-block-cover-is-layout-flow\">\n<div style=\"height:80px\" aria-hidden=\"true\" class=\"wp-block-spacer\"><\/div>\n\n\n\n<div class=\"wp-block-buttons is-content-justification-center is-layout-flex wp-block-buttons-is-layout-flex\"><\/div>\n\n\n\n<div style=\"height:80px\" aria-hidden=\"true\" class=\"wp-block-spacer\"><\/div>\n\n\n\n<div style=\"height:80px\" aria-hidden=\"true\" class=\"wp-block-spacer\"><\/div>\n<\/div><\/div>\n\n\n\n<div style=\"height:80px\" aria-hidden=\"true\" class=\"wp-block-spacer\"><\/div>\n\n\n\n<div class=\"wp-block-columns is-layout-flex wp-container-core-columns-is-layout-9d6595d7 wp-block-columns-is-layout-flex\">\n<div class=\"wp-block-column is-layout-flow wp-block-column-is-layout-flow\">\n<div class=\"wp-block-image icon-style is-style-default\"><figure class=\"aligncenter is-resized\"><img loading=\"lazy\" decoding=\"async\" src=\"http:\/\/marianavenite.com.br\/wp-content\/themes\/neve\/assets\/img\/starter-content\/icon-03.svg\" alt=\"\" width=\"48\" height=\"48\"\/><\/figure><\/div>\n\n\n\n<h3 class=\"has-text-align-center has-neve-link-color-color has-text-color wp-block-heading\">Toque<\/h3>\n\n\n\n<p class=\"has-text-align-center has-neve-link-color-color has-text-color\">O toque que gera energia e traz resultado al\u00e9m da apar\u00eancia.<\/p>\n\n\n\n<div style=\"height:20px\" aria-hidden=\"true\" class=\"wp-block-spacer\"><\/div>\n<\/div>\n\n\n\n<div class=\"wp-block-column is-layout-flow wp-block-column-is-layout-flow\">\n<div class=\"wp-block-image icon-style is-style-default\"><figure class=\"aligncenter is-resized\"><img loading=\"lazy\" decoding=\"async\" src=\"http:\/\/marianavenite.com.br\/wp-content\/themes\/neve\/assets\/img\/starter-content\/icon-02.svg\" alt=\"\" width=\"48\" height=\"48\"\/><\/figure><\/div>\n\n\n\n<h3 class=\"has-text-align-center has-neve-link-color-color has-text-color wp-block-heading\">Energia<\/h3>\n\n\n\n<p class=\"has-text-align-center has-neve-link-color-color has-text-color\">Venha recarregar sua energia e ser feliz.<\/p>\n\n\n\n<div style=\"height:20px\" aria-hidden=\"true\" class=\"wp-block-spacer\"><\/div>\n<\/div>\n\n\n\n<div class=\"wp-block-column is-layout-flow wp-block-column-is-layout-flow\">\n<div class=\"wp-block-image icon-style is-style-rounded\"><figure class=\"aligncenter is-resized\"><img loading=\"lazy\" decoding=\"async\" src=\"http:\/\/marianavenite.com.br\/wp-content\/themes\/neve\/assets\/img\/starter-content\/icon-01.svg\" alt=\"\" width=\"48\" height=\"48\"\/><\/figure><\/div>\n\n\n\n<h3 class=\"has-text-align-center has-neve-link-color-color has-text-color wp-block-heading\">Resultado<\/h3>\n\n\n\n<p class=\"has-text-align-center has-neve-link-color-color has-text-color\">Resultado atrav\u00e9s da experi\u00eancia aliada a tecnologia.<\/p>\n\n\n\n<div style=\"height:20px\" aria-hidden=\"true\" class=\"wp-block-spacer\"><\/div>\n<\/div>\n<\/div>\n\n\n\n<div style=\"height:80px\" aria-hidden=\"true\" class=\"wp-block-spacer\"><\/div>\n\n\n\n<div class=\"wp-block-cover alignfull has-nv-light-bg-background-color has-background-dim\" style=\"min-height:600px;aspect-ratio:unset;\"><div class=\"wp-block-cover__inner-container is-layout-flow wp-block-cover-is-layout-flow\">\n<div class=\"wp-block-group\"><div class=\"wp-block-group__inner-container is-layout-flow wp-block-group-is-layout-flow\">\n<div style=\"height:80px\" aria-hidden=\"true\" class=\"wp-block-spacer\"><\/div>\n\n\n\n<div class=\"wp-block-columns are-vertically-aligned-center is-layout-flex wp-container-core-columns-is-layout-9d6595d7 wp-block-columns-is-layout-flex\">\n<div class=\"wp-block-column is-vertically-aligned-center is-layout-flow wp-block-column-is-layout-flow\" style=\"flex-basis:50%\">\n<figure class=\"wp-block-image size-large\"><img loading=\"lazy\" decoding=\"async\" width=\"667\" height=\"1000\" src=\"https:\/\/marianavenite.com.br\/wp-content\/uploads\/2021\/05\/0-ma.jpg\" alt=\"\" class=\"wp-image-116\" srcset=\"https:\/\/marianavenite.com.br\/wp-content\/uploads\/2021\/05\/0-ma.jpg 667w, https:\/\/marianavenite.com.br\/wp-content\/uploads\/2021\/05\/0-ma-200x300.jpg 200w\" sizes=\"auto, (max-width: 667px) 100vw, 667px\" \/><\/figure>\n<\/div>\n\n\n\n<div class=\"wp-block-column is-vertically-aligned-center is-layout-flow wp-block-column-is-layout-flow\" style=\"flex-basis:50%\">\n<div style=\"height:20px\" aria-hidden=\"true\" class=\"wp-block-spacer\"><\/div>\n\n\n\n<h2 class=\"has-text-align-left has-neve-text-color-color has-text-color wp-block-heading\">Est\u00e9tica e Bem-Estar<\/h2>\n\n\n\n<p class=\"has-text-align-left has-neve-text-color-color has-text-color\" style=\"font-size:29px\">Ao tocar uma alma humana, seja apenas outra alma humana<\/p>\n\n\n\n<div class=\"wp-block-buttons is-content-justification-left is-layout-flex wp-block-buttons-is-layout-flex\">\n<div class=\"wp-block-button is-style-secondary\"><a class=\"wp-block-button__link\" href=\"https:\/\/marianavenite.com.br\/index.php\/sobre\/\" rel=\"https:\/\/marianavenite.com.br\/index.php\/sobre\/\">saiba mais<\/a><\/div>\n<\/div>\n<\/div>\n<\/div>\n\n\n\n<div style=\"height:40px\" aria-hidden=\"true\" class=\"wp-block-spacer\"><\/div>\n<\/div><\/div>\n<\/div><\/div>\n\n\n\n<div class=\"wp-block-cover alignfull has-nv-site-bg-background-color has-background-dim\" style=\"min-height:600px;aspect-ratio:unset;\"><div class=\"wp-block-cover__inner-container is-layout-flow wp-block-cover-is-layout-flow\">\n<div class=\"wp-block-group\"><div class=\"wp-block-group__inner-container is-layout-flow wp-block-group-is-layout-flow\">\n<div style=\"height:80px\" aria-hidden=\"true\" class=\"wp-block-spacer\"><\/div>\n\n\n\n<div class=\"wp-block-columns are-vertically-aligned-center is-layout-flex wp-container-core-columns-is-layout-9d6595d7 wp-block-columns-is-layout-flex\">\n<div class=\"wp-block-column is-vertically-aligned-center is-layout-flow wp-block-column-is-layout-flow\" style=\"flex-basis:50%\">\n<h2 class=\"has-text-align-left has-neve-text-color-color has-text-color wp-block-heading\">Procedimentos Modernos<\/h2>\n\n\n\n<p class=\"has-text-align-left has-neve-text-color-color has-text-color\" style=\"font-size:17px\">Temos uma s\u00e9rie de procedimentos com resultados cientificamente comprovados<\/p>\n\n\n\n<div style=\"height:40px\" aria-hidden=\"true\" class=\"wp-block-spacer\"><\/div>\n<\/div>\n\n\n\n<div class=\"wp-block-column is-vertically-aligned-center is-layout-flow wp-block-column-is-layout-flow\" style=\"flex-basis:50%\">\n<figure class=\"wp-block-image size-large\"><img loading=\"lazy\" decoding=\"async\" width=\"1000\" height=\"667\" src=\"https:\/\/marianavenite.com.br\/wp-content\/uploads\/2021\/05\/0-ma2.jpg\" alt=\"\" class=\"wp-image-118\" srcset=\"https:\/\/marianavenite.com.br\/wp-content\/uploads\/2021\/05\/0-ma2.jpg 1000w, https:\/\/marianavenite.com.br\/wp-content\/uploads\/2021\/05\/0-ma2-300x200.jpg 300w, https:\/\/marianavenite.com.br\/wp-content\/uploads\/2021\/05\/0-ma2-768x512.jpg 768w, https:\/\/marianavenite.com.br\/wp-content\/uploads\/2021\/05\/0-ma2-930x620.jpg 930w\" sizes=\"auto, (max-width: 1000px) 100vw, 1000px\" \/><\/figure>\n<\/div>\n<\/div>\n\n\n\n<div style=\"height:40px\" aria-hidden=\"true\" class=\"wp-block-spacer\"><\/div>\n<\/div><\/div>\n<\/div><\/div>\n\n\n\n<div class=\"wp-block-cover alignfull has-nv-dark-bg-background-color has-background-dim\" style=\"min-height:600px;aspect-ratio:unset;\"><div class=\"wp-block-cover__inner-container is-layout-flow wp-block-cover-is-layout-flow\">\n<div class=\"wp-block-group\"><div class=\"wp-block-group__inner-container is-layout-flow wp-block-group-is-layout-flow\">\n<div style=\"height:80px\" aria-hidden=\"true\" class=\"wp-block-spacer\"><\/div>\n\n\n\n<div class=\"wp-block-columns are-vertically-aligned-center is-layout-flex wp-container-core-columns-is-layout-9d6595d7 wp-block-columns-is-layout-flex\">\n<div class=\"wp-block-column is-vertically-aligned-center is-layout-flow wp-block-column-is-layout-flow\" style=\"flex-basis:50%\">\n<figure class=\"wp-block-image size-large\"><img loading=\"lazy\" decoding=\"async\" width=\"1000\" height=\"1000\" src=\"https:\/\/marianavenite.com.br\/wp-content\/uploads\/2021\/05\/insta-0025.png\" alt=\"\" class=\"wp-image-120\" srcset=\"https:\/\/marianavenite.com.br\/wp-content\/uploads\/2021\/05\/insta-0025.png 1000w, https:\/\/marianavenite.com.br\/wp-content\/uploads\/2021\/05\/insta-0025-300x300.png 300w, https:\/\/marianavenite.com.br\/wp-content\/uploads\/2021\/05\/insta-0025-150x150.png 150w, https:\/\/marianavenite.com.br\/wp-content\/uploads\/2021\/05\/insta-0025-768x768.png 768w\" sizes=\"auto, (max-width: 1000px) 100vw, 1000px\" \/><\/figure>\n<\/div>\n\n\n\n<div class=\"wp-block-column is-vertically-aligned-center is-layout-flow wp-block-column-is-layout-flow\" style=\"flex-basis:50%\">\n<div style=\"height:40px\" aria-hidden=\"true\" class=\"wp-block-spacer\"><\/div>\n\n\n\n<h2 class=\"has-text-align-left has-nv-text-dark-bg-color has-text-color wp-block-heading\">Conhe\u00e7a o M\u00e9todo Mariana Venite<\/h2>\n\n\n\n<p class=\"has-text-align-left has-nv-text-dark-bg-color has-text-color\" style=\"font-size:17px\">Procedimento para Gordura Localizada e Celulite.<\/p>\n\n\n\n<div class=\"wp-block-buttons is-content-justification-left is-layout-flex wp-block-buttons-is-layout-flex\">\n<div class=\"wp-block-button is-style-secondary\"><a class=\"wp-block-button__link\" href=\"https:\/\/marianavenite.com.br\/index.php\/contato\/\" rel=\"https:\/\/marianavenite.com.br\/index.php\/contato\/\">SAIBA MAIS<\/a><\/div>\n<\/div>\n<\/div>\n<\/div>\n\n\n\n<div style=\"height:40px\" aria-hidden=\"true\" class=\"wp-block-spacer\"><\/div>\n<\/div><\/div>\n<\/div><\/div>\n\n\n\n<div style=\"height:40px\" aria-hidden=\"true\" class=\"wp-block-spacer\"><\/div>\n\n\n\n<div class=\"wp-block-cover alignfull has-nv-site-bg-background-color has-background-dim\" style=\"min-height:600px;aspect-ratio:unset;\"><div class=\"wp-block-cover__inner-container is-layout-flow wp-block-cover-is-layout-flow\">\n<div class=\"wp-block-group\"><div class=\"wp-block-group__inner-container is-layout-flow wp-block-group-is-layout-flow\">\n<div style=\"height:80px\" aria-hidden=\"true\" class=\"wp-block-spacer\"><\/div>\n\n\n\n<h2 class=\"has-neve-text-color-color has-text-color wp-block-heading\">Beauty Pass<\/h2>\n\n\n\n<div style=\"height:20px\" aria-hidden=\"true\" class=\"wp-block-spacer\"><\/div>\n\n\n\n<div class=\"wp-block-columns are-vertically-aligned-center is-layout-flex wp-container-core-columns-is-layout-9d6595d7 wp-block-columns-is-layout-flex\">\n<div class=\"wp-block-column is-vertically-aligned-center is-layout-flow wp-block-column-is-layout-flow\" style=\"flex-basis:50%\">\n<figure class=\"wp-block-image size-large\"><a href=\"https:\/\/marianavenite.com.br\/index.php\/planos-mensais\/\"><img loading=\"lazy\" decoding=\"async\" width=\"1000\" height=\"1000\" src=\"https:\/\/marianavenite.com.br\/wp-content\/uploads\/2021\/05\/insta-0048b-1.png\" alt=\"\" class=\"wp-image-124\" srcset=\"https:\/\/marianavenite.com.br\/wp-content\/uploads\/2021\/05\/insta-0048b-1.png 1000w, https:\/\/marianavenite.com.br\/wp-content\/uploads\/2021\/05\/insta-0048b-1-300x300.png 300w, https:\/\/marianavenite.com.br\/wp-content\/uploads\/2021\/05\/insta-0048b-1-150x150.png 150w, https:\/\/marianavenite.com.br\/wp-content\/uploads\/2021\/05\/insta-0048b-1-768x768.png 768w\" sizes=\"auto, (max-width: 1000px) 100vw, 1000px\" \/><\/a><\/figure>\n\n\n\n<div style=\"height:40px\" aria-hidden=\"true\" class=\"wp-block-spacer\"><\/div>\n<\/div>\n\n\n\n<div class=\"wp-block-column is-vertically-aligned-center is-layout-flow wp-block-column-is-layout-flow\" style=\"flex-basis:50%\">\n<figure class=\"wp-block-image size-large\"><a href=\"https:\/\/marianavenite.com.br\/index.php\/planos-mensais\/\"><img loading=\"lazy\" decoding=\"async\" width=\"1000\" height=\"1000\" src=\"https:\/\/marianavenite.com.br\/wp-content\/uploads\/2021\/05\/insta-0048C-1.png\" alt=\"\" class=\"wp-image-126\" srcset=\"https:\/\/marianavenite.com.br\/wp-content\/uploads\/2021\/05\/insta-0048C-1.png 1000w, https:\/\/marianavenite.com.br\/wp-content\/uploads\/2021\/05\/insta-0048C-1-300x300.png 300w, https:\/\/marianavenite.com.br\/wp-content\/uploads\/2021\/05\/insta-0048C-1-150x150.png 150w, https:\/\/marianavenite.com.br\/wp-content\/uploads\/2021\/05\/insta-0048C-1-768x768.png 768w\" sizes=\"auto, (max-width: 1000px) 100vw, 1000px\" \/><\/a><\/figure>\n\n\n\n<div style=\"height:40px\" aria-hidden=\"true\" class=\"wp-block-spacer\"><\/div>\n<\/div>\n<\/div>\n\n\n\n<div style=\"height:40px\" aria-hidden=\"true\" class=\"wp-block-spacer\"><\/div>\n<\/div><\/div>\n<\/div><\/div>\n\n\n\n<div class=\"wp-block-cover alignfull has-nv-light-bg-background-color has-background-dim\" style=\"min-height:420px;aspect-ratio:unset;\"><div class=\"wp-block-cover__inner-container is-layout-flow wp-block-cover-is-layout-flow\">\n<div style=\"height:80px\" aria-hidden=\"true\" class=\"wp-block-spacer\"><\/div>\n\n\n\n<div class=\"wp-block-columns is-layout-flex wp-container-core-columns-is-layout-9d6595d7 wp-block-columns-is-layout-flex\">\n<div class=\"wp-block-column is-layout-flow wp-block-column-is-layout-flow\">\n<figure class=\"wp-block-image size-large is-resized is-style-default\"><img loading=\"lazy\" decoding=\"async\" src=\"https:\/\/marianavenite.com.br\/wp-content\/uploads\/2021\/05\/insta-0010.png\" alt=\"\" class=\"wp-image-129\" width=\"362\" height=\"362\" srcset=\"https:\/\/marianavenite.com.br\/wp-content\/uploads\/2021\/05\/insta-0010.png 800w, https:\/\/marianavenite.com.br\/wp-content\/uploads\/2021\/05\/insta-0010-300x300.png 300w, https:\/\/marianavenite.com.br\/wp-content\/uploads\/2021\/05\/insta-0010-150x150.png 150w, https:\/\/marianavenite.com.br\/wp-content\/uploads\/2021\/05\/insta-0010-768x768.png 768w\" sizes=\"auto, (max-width: 362px) 100vw, 362px\" \/><\/figure>\n\n\n\n<div style=\"height:20px\" aria-hidden=\"true\" class=\"wp-block-spacer\"><\/div>\n<\/div>\n\n\n\n<div class=\"wp-block-column is-layout-flow wp-block-column-is-layout-flow\">\n<figure class=\"wp-block-image size-large is-resized is-style-default\"><img loading=\"lazy\" decoding=\"async\" src=\"https:\/\/marianavenite.com.br\/wp-content\/uploads\/2021\/05\/insta-0045.png\" alt=\"\" class=\"wp-image-130\" width=\"364\" height=\"364\" srcset=\"https:\/\/marianavenite.com.br\/wp-content\/uploads\/2021\/05\/insta-0045.png 800w, https:\/\/marianavenite.com.br\/wp-content\/uploads\/2021\/05\/insta-0045-300x300.png 300w, https:\/\/marianavenite.com.br\/wp-content\/uploads\/2021\/05\/insta-0045-150x150.png 150w, https:\/\/marianavenite.com.br\/wp-content\/uploads\/2021\/05\/insta-0045-768x768.png 768w\" sizes=\"auto, (max-width: 364px) 100vw, 364px\" \/><\/figure>\n\n\n\n<div style=\"height:20px\" aria-hidden=\"true\" class=\"wp-block-spacer\"><\/div>\n<\/div>\n\n\n\n<div class=\"wp-block-column is-layout-flow wp-block-column-is-layout-flow\">\n<figure class=\"wp-block-image size-large is-resized is-style-default\"><img loading=\"lazy\" decoding=\"async\" src=\"https:\/\/marianavenite.com.br\/wp-content\/uploads\/2021\/05\/insta-0045B.png\" alt=\"\" class=\"wp-image-131\" width=\"366\" height=\"366\" srcset=\"https:\/\/marianavenite.com.br\/wp-content\/uploads\/2021\/05\/insta-0045B.png 800w, https:\/\/marianavenite.com.br\/wp-content\/uploads\/2021\/05\/insta-0045B-300x300.png 300w, https:\/\/marianavenite.com.br\/wp-content\/uploads\/2021\/05\/insta-0045B-150x150.png 150w, https:\/\/marianavenite.com.br\/wp-content\/uploads\/2021\/05\/insta-0045B-768x768.png 768w\" sizes=\"auto, (max-width: 366px) 100vw, 366px\" \/><\/figure>\n\n\n\n<div style=\"height:20px\" aria-hidden=\"true\" class=\"wp-block-spacer\"><\/div>\n<\/div>\n<\/div>\n\n\n\n<div style=\"height:30px\" aria-hidden=\"true\" class=\"wp-block-spacer\"><\/div>\n<\/div><\/div>\n","protected":false},"excerpt":{"rendered":"<p>Toque O toque que gera energia e traz resultado al\u00e9m da apar\u00eancia. Energia Venha recarregar sua energia e ser feliz. Resultado Resultado atrav\u00e9s da experi\u00eancia aliada a tecnologia.<\/p>\n","protected":false},"author":1,"featured_media":0,"parent":0,"menu_order":0,"comment_status":"closed","ping_status":"closed","template":"","meta":{"neve_meta_sidebar":"","neve_meta_container":"","neve_meta_enable_content_width":"on","neve_meta_content_width":100,"neve_meta_title_alignment":"","neve_meta_author_avatar":"","neve_post_elements_order":"","neve_meta_disable_header":"","neve_meta_disable_footer":"","neve_meta_disable_title":"on","footnotes":""},"class_list":["post-6","page","type-page","status-publish","hentry"],"_links":{"self":[{"href":"https:\/\/marianavenite.com.br\/wp-json\/wp\/v2\/pages\/6","targetHints":{"allow":["GET"]}}],"collection":[{"href":"https:\/\/marianavenite.com.br\/wp-json\/wp\/v2\/pages"}],"about":[{"href":"https:\/\/marianavenite.com.br\/wp-json\/wp\/v2\/types\/page"}],"author":[{"embeddable":true,"href":"https:\/\/marianavenite.com.br\/wp-json\/wp\/v2\/users\/1"}],"replies":[{"embeddable":true,"href":"https:\/\/marianavenite.com.br\/wp-json\/wp\/v2\/comments?post=6"}],"version-history":[{"count":11,"href":"https:\/\/marianavenite.com.br\/wp-json\/wp\/v2\/pages\/6\/revisions"}],"predecessor-version":[{"id":133,"href":"https:\/\/marianavenite.com.br\/wp-json\/wp\/v2\/pages\/6\/revisions\/133"}],"wp:attachment":[{"href":"https:\/\/marianavenite.com.br\/wp-json\/wp\/v2\/media?parent=6"}],"curies":[{"name":"wp","href":"https:\/\/api.w.org\/{rel}","templated":true}]}}